{"id":3626,"date":"2023-08-29T07:43:34","date_gmt":"2023-08-29T10:43:34","guid":{"rendered":"https:\/\/naturecotours.com\/home\/?page_id=3626"},"modified":"2023-11-16T06:03:05","modified_gmt":"2023-11-16T09:03:05","slug":"whatsnew","status":"publish","type":"page","link":"https:\/\/naturecotours.com\/home\/whatsnew\/","title":{"rendered":"what&#8217;s new"},"content":{"rendered":"\t\t<div data-elementor-type=\"wp-page\" data-elementor-id=\"3626\" class=\"elementor elementor-3626\" data-elementor-post-type=\"page\">\n\t\t\t\t\t\t<section class=\"elementor-section elementor-top-section elementor-element elementor-element-c4877a7 elementor-section-content-middle elementor-section-boxed elementor-section-height-default elementor-section-height-default\" data-id=\"c4877a7\" data-element_type=\"section\" data-settings=\"{&quot;background_background&quot;:&quot;classic&quot;}\">\n\t\t\t\t\t\t<div class=\"elementor-container elementor-column-gap-no\">\n\t\t\t\t\t<div class=\"elementor-column elementor-col-50 elementor-top-column elementor-element elementor-element-787b763\" data-id=\"787b763\" data-element_type=\"column\">\n\t\t\t<div class=\"elementor-widget-wrap elementor-element-populated\">\n\t\t\t\t\t\t<div class=\"elementor-element elementor-element-33b4823 elementor-widget elementor-widget-heading\" data-id=\"33b4823\" data-element_type=\"widget\" data-widget_type=\"heading.default\">\n\t\t\t\t<div class=\"elementor-widget-container\">\n\t\t\t\t\t<h2 class=\"elementor-heading-title elementor-size-default\">Jaguarium Lodge<\/h2>\t\t\t\t<\/div>\n\t\t\t\t<\/div>\n\t\t\t\t<div class=\"elementor-element elementor-element-6a2f6fa elementor-widget elementor-widget-text-editor\" data-id=\"6a2f6fa\" data-element_type=\"widget\" data-widget_type=\"text-editor.default\">\n\t\t\t\t<div class=\"elementor-widget-container\">\n\t\t\t\t\t\t\t\t\t<p>The site traditionally known as &#8216;Ba\u00eda do Cap\u00e3o de On\u00e7a\u2019 (Jaguar mound-hill Bay) is situated on an &#8216;island of vegetation&#8217; locally known as \u2018cordilheira\u2019 (mountain range).<\/p>\t\t\t\t\t\t\t\t<\/div>\n\t\t\t\t<\/div>\n\t\t\t\t<div class=\"elementor-element elementor-element-4bc064b elementor-widget elementor-widget-button\" data-id=\"4bc064b\" data-element_type=\"widget\" data-widget_type=\"button.default\">\n\t\t\t\t<div class=\"elementor-widget-container\">\n\t\t\t\t\t\t\t\t\t<div class=\"elementor-button-wrapper\">\n\t\t\t\t\t<a class=\"elementor-button elementor-button-link elementor-size-sm\" href=\"https:\/\/naturecotours.com\/home\/whatsnew-2\/\">\n\t\t\t\t\t\t<span class=\"elementor-button-content-wrapper\">\n\t\t\t\t\t\t\t\t\t<span class=\"elementor-button-text\">READ MORE<\/span>\n\t\t\t\t\t<\/span>\n\t\t\t\t\t<\/a>\n\t\t\t\t<\/div>\n\t\t\t\t\t\t\t\t<\/div>\n\t\t\t\t<\/div>\n\t\t\t\t<div class=\"elementor-element elementor-element-25dba00 elementor-widget-divider--view-line elementor-widget elementor-widget-divider\" data-id=\"25dba00\" data-element_type=\"widget\" data-widget_type=\"divider.default\">\n\t\t\t\t<div class=\"elementor-widget-container\">\n\t\t\t\t\t\t\t<div class=\"elementor-divider\">\n\t\t\t<span class=\"elementor-divider-separator\">\n\t\t\t\t\t\t<\/span>\n\t\t<\/div>\n\t\t\t\t\t\t<\/div>\n\t\t\t\t<\/div>\n\t\t\t\t\t<\/div>\n\t\t<\/div>\n\t\t\t\t<div class=\"elementor-column elementor-col-50 elementor-top-column elementor-element elementor-element-bef967a\" data-id=\"bef967a\" data-element_type=\"column\" data-settings=\"{&quot;background_background&quot;:&quot;classic&quot;}\">\n\t\t\t<div class=\"elementor-widget-wrap elementor-element-populated\">\n\t\t\t\t\t\t<div class=\"elementor-element elementor-element-f6bc0cd elementor-widget elementor-widget-image\" data-id=\"f6bc0cd\" data-element_type=\"widget\" data-widget_type=\"image.default\">\n\t\t\t\t<div class=\"elementor-widget-container\">\n\t\t\t\t\t\t\t\t\t\t\t\t\t\t\t<img fetchpriority=\"high\" decoding=\"async\" width=\"1141\" height=\"863\" src=\"https:\/\/naturecotours.com\/home\/wp-content\/uploads\/2023\/08\/Captura-de-tela-2023-08-11-131647.png\" class=\"attachment-full size-full wp-image-2715\" alt=\"\" srcset=\"https:\/\/naturecotours.com\/home\/wp-content\/uploads\/2023\/08\/Captura-de-tela-2023-08-11-131647.png 1141w, https:\/\/naturecotours.com\/home\/wp-content\/uploads\/2023\/08\/Captura-de-tela-2023-08-11-131647-300x227.png 300w, https:\/\/naturecotours.com\/home\/wp-content\/uploads\/2023\/08\/Captura-de-tela-2023-08-11-131647-1024x775.png 1024w, https:\/\/naturecotours.com\/home\/wp-content\/uploads\/2023\/08\/Captura-de-tela-2023-08-11-131647-768x581.png 768w\" sizes=\"(max-width: 1141px) 100vw, 1141px\" \/>\t\t\t\t\t\t\t\t\t\t\t\t\t\t\t<\/div>\n\t\t\t\t<\/div>\n\t\t\t\t\t<\/div>\n\t\t<\/div>\n\t\t\t\t\t<\/div>\n\t\t<\/section>\n\t\t\t\t<\/div>\n\t\t","protected":false},"excerpt":{"rendered":"<p>Jaguarium Lodge The site traditionally known as &#8216;Ba\u00eda do Cap\u00e3o de On\u00e7a\u2019 (Jaguar mound-hill Bay) is situated on an &#8216;island of vegetation&#8217; locally known as \u2018cordilheira\u2019 (mountain range). READ MORE<\/p>\n","protected":false},"author":1,"featured_media":0,"parent":0,"menu_order":0,"comment_status":"closed","ping_status":"closed","template":"","meta":{"site-sidebar-layout":"no-sidebar","site-content-layout":"page-builder","ast-global-header-display":"","ast-banner-title-visibility":"","ast-main-header-display":"","ast-hfb-above-header-display":"","ast-hfb-below-header-display":"","ast-hfb-mobile-header-display":"","site-post-title":"disabled","ast-breadcrumbs-content":"","ast-featured-img":"disabled","footer-sml-layout":"","theme-transparent-header-meta":"enabled","adv-header-id-meta":"","stick-header-meta":"","header-above-stick-meta":"","header-main-stick-meta":"","header-below-stick-meta":"","_joinchat":[],"footnotes":""},"class_list":["post-3626","page","type-page","status-publish","hentry"],"_links":{"self":[{"href":"https:\/\/naturecotours.com\/home\/wp-json\/wp\/v2\/pages\/3626","targetHints":{"allow":["GET"]}}],"collection":[{"href":"https:\/\/naturecotours.com\/home\/wp-json\/wp\/v2\/pages"}],"about":[{"href":"https:\/\/naturecotours.com\/home\/wp-json\/wp\/v2\/types\/page"}],"author":[{"embeddable":true,"href":"https:\/\/naturecotours.com\/home\/wp-json\/wp\/v2\/users\/1"}],"replies":[{"embeddable":true,"href":"https:\/\/naturecotours.com\/home\/wp-json\/wp\/v2\/comments?post=3626"}],"version-history":[{"count":12,"href":"https:\/\/naturecotours.com\/home\/wp-json\/wp\/v2\/pages\/3626\/revisions"}],"predecessor-version":[{"id":3971,"href":"https:\/\/naturecotours.com\/home\/wp-json\/wp\/v2\/pages\/3626\/revisions\/3971"}],"wp:attachment":[{"href":"https:\/\/naturecotours.com\/home\/wp-json\/wp\/v2\/media?parent=3626"}],"curies":[{"name":"wp","href":"https:\/\/api.w.org\/{rel}","templated":true}]}}